{"id":26,"date":"2025-11-08T09:36:40","date_gmt":"2025-11-08T09:36:40","guid":{"rendered":"https:\/\/wsmmm-05-25-02.wifiblogs.at\/?page_id=26"},"modified":"2025-11-14T19:08:35","modified_gmt":"2025-11-14T19:08:35","slug":"emotionale-braut-geschichten","status":"publish","type":"page","link":"https:\/\/wsmmm-05-25-02.wifiblogs.at\/?page_id=26","title":{"rendered":"Emotionale Braut Geschichten"},"content":{"rendered":"\n<div class=\"wp-block-group alignfull is-layout-flow wp-block-group-is-layout-flow\">\n<p>St\u00f6bere durch die Geschichten unserer Br\u00e4ute und erleben hautnah emotionale Eindr\u00fccke. Lass dich verzaubern und inspirieren! Das sind unsere Emotionalen Braut Geschichten:<\/p>\n\n\n\n<div class=\"wp-block-group alignfull has-global-padding is-layout-constrained wp-block-group-is-layout-constrained\" style=\"padding-top:var(--wp--preset--spacing--50);padding-bottom:var(--wp--preset--spacing--50)\">\n<div class=\"wp-block-columns alignwide is-layout-flex wp-container-core-columns-is-layout-55c14dbb wp-block-columns-is-layout-flex\" style=\"padding-top:var(--wp--preset--spacing--80);padding-bottom:var(--wp--preset--spacing--50)\">\n<div class=\"wp-block-column is-layout-flow wp-block-column-is-layout-flow\" style=\"flex-basis:50%\">\n<h2 class=\"wp-block-heading alignwide has-x-large-font-size\">Mein Name ist Anna Leitner: Ich habe mein Traumkleid bei Brautgefl\u00fcster gefunden!<\/h2>\n\n\n\n<p>Ich habe einen Beratungstermin vereinbart und habe sofort eine R\u00fcckmeldung erhalten. Am Tag der Tage war ich sehr aufgeregt, wurde jedoch herzlich von Karoline und ihrem Team empfangen. Alles passierte auf einer Augenh\u00f6he und mit viel Pers\u00f6nlichkeit.  <br>Gemeinsam mit Karoline starte ich dann die Suchen nach meinen Brautkleid. Mein W\u00fcnsche, \u00c4nderungen wurden mit den Schneiderinnen besprochen, so konnte alles direkt auf meine Vorstellung angepasst werden.  <br>Der Tag war durch die herausragende Beratung stressfrei und ein tolles Erlebnis!<\/p>\n\n\n\n<p><\/p>\n\n\n\n<p class=\"has-custom-color-2-color has-text-color has-link-color has-x-large-font-size wp-elements-572c744a483e0016ff9f23710fc60e66\">Anna &amp; Lukas \u2013 Eine Brautgeschichte voller leiser Momente<\/p>\n\n\n\n<p><br>Als Anna zum ersten Mal unser Atelier betrat, war sie sichtlich nerv\u00f6s. Nicht wegen des Kleids \u2013 sondern wegen der Vorstellung, im Mittelpunkt zu stehen.<br>Sie l\u00e4chelte sch\u00fcchtern und sagte:<br><br>\u201eIch bin nicht die typische Braut. Ich m\u00f6chte mich einfach\u2026 wohlf\u00fchlen.\u201c<br><br>Und genau damit begann ihre Reise bei uns.<br><br><\/p>\n\n\n\n<p><br>Marie kam an einem verregneten Samstag zu uns ins Gesch\u00e4ft.<br>Sie brachte ein altes, cremefarbenes Kleid in einer Vintage-Box mit \u2013 das Hochzeitskleid ihrer Mutter.<br>Sie hielt es vorsichtig in den H\u00e4nden und sagte:<br><br>\u201eIch m\u00f6chte ihm ein neues Leben schenken. Aber ich wei\u00df nicht, ob es \u00fcberhaupt m\u00f6glich ist\u2026\u201c<br><br>Ihr Blick war voller Hoffnung \u2013 und ein bisschen Angst, dass der Stoff zu br\u00fcchig sein k\u00f6nnte, zu vergilbt, zu alt, zu weit entfernt von ihrem eigenen Stil.<br><\/p>\n<\/div>\n\n\n\n<div class=\"wp-block-column is-layout-flow wp-block-column-is-layout-flow\" style=\"flex-basis:50%\">\n<div style=\"height:var(--wp--preset--spacing--20)\" aria-hidden=\"true\" class=\"wp-block-spacer\"><\/div>\n\n\n\n<figure class=\"wp-block-image size-full\"><img loading=\"lazy\" decoding=\"async\" width=\"417\" height=\"626\" src=\"https:\/\/wsmmm-05-25-02.wifiblogs.at\/wp-content\/uploads\/2025\/11\/Bild3.png\" alt=\"\" class=\"wp-image-27\" srcset=\"https:\/\/wsmmm-05-25-02.wifiblogs.at\/wp-content\/uploads\/2025\/11\/Bild3.png 417w, https:\/\/wsmmm-05-25-02.wifiblogs.at\/wp-content\/uploads\/2025\/11\/Bild3-200x300.png 200w\" sizes=\"auto, (max-width: 417px) 100vw, 417px\" \/><\/figure>\n<\/div>\n<\/div>\n<\/div>\n<\/div>\n\n\n\n<p>Wir haben mit unseren emotionalen Braut Geschichten dein Interesse erweckt? Sieh dir <a href=\"https:\/\/wsmmm-05-25-02.wifiblogs.at\/?page_id=11\">unsere Kleider<\/a> an.<\/p>\n\n\n\n<p><\/p>\n","protected":false},"excerpt":{"rendered":"<p>St\u00f6bere durch die Geschichten unserer Br\u00e4ute und erleben hautnah emotionale Eindr\u00fccke. Lass dich verzaubern und inspirieren! Das sind unsere Emotionalen Braut Geschichten: Mein Name ist Anna Leitner: Ich habe mein Traumkleid bei Brautgefl\u00fcster gefunden! Ich habe einen Beratungstermin vereinbart und habe sofort eine R\u00fcckmeldung erhalten. Am Tag der Tage war ich sehr aufgeregt, wurde jedoch [&hellip;]<\/p>\n","protected":false},"author":1,"featured_media":0,"parent":0,"menu_order":0,"comment_status":"closed","ping_status":"closed","template":"","meta":{"footnotes":""},"class_list":["post-26","page","type-page","status-publish","hentry"],"yoast_head":"<!-- This site is optimized with the Yoast SEO plugin v26.1.1 - https:\/\/yoast.com\/wordpress\/plugins\/seo\/ -->\n<title>Emotionale Braut Geschichten bei Brautgefl\u00fcster<\/title>\n<meta name=\"description\" content=\"Braut Geschichten voller Liebe und Gl\u00fcck. Entdecke die Herzensmomente unserer Br\u00e4ute und finde Inspiration f\u00fcr deinen Tag bei Brautgefl\u00fcster.\" \/>\n<meta name=\"robots\" content=\"index, follow, max-snippet:-1, max-image-preview:large, max-video-preview:-1\" \/>\n<link rel=\"canonical\" href=\"https:\/\/wsmmm-05-25-02.wifiblogs.at\/?page_id=26\" \/>\n<meta property=\"og:locale\" content=\"de_DE\" \/>\n<meta property=\"og:type\" content=\"article\" \/>\n<meta property=\"og:title\" content=\"Emotionale Braut Geschichten bei Brautgefl\u00fcster\" \/>\n<meta property=\"og:description\" content=\"Braut Geschichten voller Liebe und Gl\u00fcck. Entdecke die Herzensmomente unserer Br\u00e4ute und finde Inspiration f\u00fcr deinen Tag bei Brautgefl\u00fcster.\" \/>\n<meta property=\"og:url\" content=\"https:\/\/wsmmm-05-25-02.wifiblogs.at\/?page_id=26\" \/>\n<meta property=\"og:site_name\" content=\"Karoline Lepold - WSMMM\" \/>\n<meta property=\"article:modified_time\" content=\"2025-11-14T19:08:35+00:00\" \/>\n<meta property=\"og:image\" content=\"https:\/\/wsmmm-05-25-02.wifiblogs.at\/wp-content\/uploads\/2025\/11\/Bild3.png\" \/>\n\t<meta property=\"og:image:width\" content=\"417\" \/>\n\t<meta property=\"og:image:height\" content=\"626\" \/>\n\t<meta property=\"og:image:type\" content=\"image\/png\" \/>\n<meta name=\"twitter:card\" content=\"summary_large_image\" \/>\n<meta name=\"twitter:label1\" content=\"Gesch\u00e4tzte Lesezeit\" \/>\n\t<meta name=\"twitter:data1\" content=\"2\u00a0Minuten\" \/>\n<script type=\"application\/ld+json\" class=\"yoast-schema-graph\">{\"@context\":\"https:\/\/schema.org\",\"@graph\":[{\"@type\":\"WebPage\",\"@id\":\"https:\/\/wsmmm-05-25-02.wifiblogs.at\/?page_id=26\",\"url\":\"https:\/\/wsmmm-05-25-02.wifiblogs.at\/?page_id=26\",\"name\":\"Emotionale Braut Geschichten bei Brautgefl\u00fcster\",\"isPartOf\":{\"@id\":\"https:\/\/wsmmm-05-25-02.wifiblogs.at\/#website\"},\"primaryImageOfPage\":{\"@id\":\"https:\/\/wsmmm-05-25-02.wifiblogs.at\/?page_id=26#primaryimage\"},\"image\":{\"@id\":\"https:\/\/wsmmm-05-25-02.wifiblogs.at\/?page_id=26#primaryimage\"},\"thumbnailUrl\":\"https:\/\/wsmmm-05-25-02.wifiblogs.at\/wp-content\/uploads\/2025\/11\/Bild3.png\",\"datePublished\":\"2025-11-08T09:36:40+00:00\",\"dateModified\":\"2025-11-14T19:08:35+00:00\",\"description\":\"Braut Geschichten voller Liebe und Gl\u00fcck. Entdecke die Herzensmomente unserer Br\u00e4ute und finde Inspiration f\u00fcr deinen Tag bei Brautgefl\u00fcster.\",\"breadcrumb\":{\"@id\":\"https:\/\/wsmmm-05-25-02.wifiblogs.at\/?page_id=26#breadcrumb\"},\"inLanguage\":\"de\",\"potentialAction\":[{\"@type\":\"ReadAction\",\"target\":[\"https:\/\/wsmmm-05-25-02.wifiblogs.at\/?page_id=26\"]}]},{\"@type\":\"ImageObject\",\"inLanguage\":\"de\",\"@id\":\"https:\/\/wsmmm-05-25-02.wifiblogs.at\/?page_id=26#primaryimage\",\"url\":\"https:\/\/wsmmm-05-25-02.wifiblogs.at\/wp-content\/uploads\/2025\/11\/Bild3.png\",\"contentUrl\":\"https:\/\/wsmmm-05-25-02.wifiblogs.at\/wp-content\/uploads\/2025\/11\/Bild3.png\",\"width\":417,\"height\":626},{\"@type\":\"BreadcrumbList\",\"@id\":\"https:\/\/wsmmm-05-25-02.wifiblogs.at\/?page_id=26#breadcrumb\",\"itemListElement\":[{\"@type\":\"ListItem\",\"position\":1,\"name\":\"Startseite\",\"item\":\"https:\/\/wsmmm-05-25-02.wifiblogs.at\/\"},{\"@type\":\"ListItem\",\"position\":2,\"name\":\"Emotionale Braut Geschichten\"}]},{\"@type\":\"WebSite\",\"@id\":\"https:\/\/wsmmm-05-25-02.wifiblogs.at\/#website\",\"url\":\"https:\/\/wsmmm-05-25-02.wifiblogs.at\/\",\"name\":\"Karoline Lepold - WSMMM\",\"description\":\"\",\"publisher\":{\"@id\":\"https:\/\/wsmmm-05-25-02.wifiblogs.at\/#organization\"},\"potentialAction\":[{\"@type\":\"SearchAction\",\"target\":{\"@type\":\"EntryPoint\",\"urlTemplate\":\"https:\/\/wsmmm-05-25-02.wifiblogs.at\/?s={search_term_string}\"},\"query-input\":{\"@type\":\"PropertyValueSpecification\",\"valueRequired\":true,\"valueName\":\"search_term_string\"}}],\"inLanguage\":\"de\"},{\"@type\":\"Organization\",\"@id\":\"https:\/\/wsmmm-05-25-02.wifiblogs.at\/#organization\",\"name\":\"Karoline Lepold - WSMMM\",\"url\":\"https:\/\/wsmmm-05-25-02.wifiblogs.at\/\",\"logo\":{\"@type\":\"ImageObject\",\"inLanguage\":\"de\",\"@id\":\"https:\/\/wsmmm-05-25-02.wifiblogs.at\/#\/schema\/logo\/image\/\",\"url\":\"https:\/\/wsmmm-05-25-02.wifiblogs.at\/wp-content\/uploads\/2025\/11\/Logo-1.png\",\"contentUrl\":\"https:\/\/wsmmm-05-25-02.wifiblogs.at\/wp-content\/uploads\/2025\/11\/Logo-1.png\",\"width\":339,\"height\":200,\"caption\":\"Karoline Lepold - WSMMM\"},\"image\":{\"@id\":\"https:\/\/wsmmm-05-25-02.wifiblogs.at\/#\/schema\/logo\/image\/\"}}]}<\/script>\n<!-- \/ Yoast SEO plugin. -->","yoast_head_json":{"title":"Emotionale Braut Geschichten bei Brautgefl\u00fcster","description":"Braut Geschichten voller Liebe und Gl\u00fcck. Entdecke die Herzensmomente unserer Br\u00e4ute und finde Inspiration f\u00fcr deinen Tag bei Brautgefl\u00fcster.","robots":{"index":"index","follow":"follow","max-snippet":"max-snippet:-1","max-image-preview":"max-image-preview:large","max-video-preview":"max-video-preview:-1"},"canonical":"https:\/\/wsmmm-05-25-02.wifiblogs.at\/?page_id=26","og_locale":"de_DE","og_type":"article","og_title":"Emotionale Braut Geschichten bei Brautgefl\u00fcster","og_description":"Braut Geschichten voller Liebe und Gl\u00fcck. Entdecke die Herzensmomente unserer Br\u00e4ute und finde Inspiration f\u00fcr deinen Tag bei Brautgefl\u00fcster.","og_url":"https:\/\/wsmmm-05-25-02.wifiblogs.at\/?page_id=26","og_site_name":"Karoline Lepold - WSMMM","article_modified_time":"2025-11-14T19:08:35+00:00","og_image":[{"width":417,"height":626,"url":"https:\/\/wsmmm-05-25-02.wifiblogs.at\/wp-content\/uploads\/2025\/11\/Bild3.png","type":"image\/png"}],"twitter_card":"summary_large_image","twitter_misc":{"Gesch\u00e4tzte Lesezeit":"2\u00a0Minuten"},"schema":{"@context":"https:\/\/schema.org","@graph":[{"@type":"WebPage","@id":"https:\/\/wsmmm-05-25-02.wifiblogs.at\/?page_id=26","url":"https:\/\/wsmmm-05-25-02.wifiblogs.at\/?page_id=26","name":"Emotionale Braut Geschichten bei Brautgefl\u00fcster","isPartOf":{"@id":"https:\/\/wsmmm-05-25-02.wifiblogs.at\/#website"},"primaryImageOfPage":{"@id":"https:\/\/wsmmm-05-25-02.wifiblogs.at\/?page_id=26#primaryimage"},"image":{"@id":"https:\/\/wsmmm-05-25-02.wifiblogs.at\/?page_id=26#primaryimage"},"thumbnailUrl":"https:\/\/wsmmm-05-25-02.wifiblogs.at\/wp-content\/uploads\/2025\/11\/Bild3.png","datePublished":"2025-11-08T09:36:40+00:00","dateModified":"2025-11-14T19:08:35+00:00","description":"Braut Geschichten voller Liebe und Gl\u00fcck. Entdecke die Herzensmomente unserer Br\u00e4ute und finde Inspiration f\u00fcr deinen Tag bei Brautgefl\u00fcster.","breadcrumb":{"@id":"https:\/\/wsmmm-05-25-02.wifiblogs.at\/?page_id=26#breadcrumb"},"inLanguage":"de","potentialAction":[{"@type":"ReadAction","target":["https:\/\/wsmmm-05-25-02.wifiblogs.at\/?page_id=26"]}]},{"@type":"ImageObject","inLanguage":"de","@id":"https:\/\/wsmmm-05-25-02.wifiblogs.at\/?page_id=26#primaryimage","url":"https:\/\/wsmmm-05-25-02.wifiblogs.at\/wp-content\/uploads\/2025\/11\/Bild3.png","contentUrl":"https:\/\/wsmmm-05-25-02.wifiblogs.at\/wp-content\/uploads\/2025\/11\/Bild3.png","width":417,"height":626},{"@type":"BreadcrumbList","@id":"https:\/\/wsmmm-05-25-02.wifiblogs.at\/?page_id=26#breadcrumb","itemListElement":[{"@type":"ListItem","position":1,"name":"Startseite","item":"https:\/\/wsmmm-05-25-02.wifiblogs.at\/"},{"@type":"ListItem","position":2,"name":"Emotionale Braut Geschichten"}]},{"@type":"WebSite","@id":"https:\/\/wsmmm-05-25-02.wifiblogs.at\/#website","url":"https:\/\/wsmmm-05-25-02.wifiblogs.at\/","name":"Karoline Lepold - WSMMM","description":"","publisher":{"@id":"https:\/\/wsmmm-05-25-02.wifiblogs.at\/#organization"},"potentialAction":[{"@type":"SearchAction","target":{"@type":"EntryPoint","urlTemplate":"https:\/\/wsmmm-05-25-02.wifiblogs.at\/?s={search_term_string}"},"query-input":{"@type":"PropertyValueSpecification","valueRequired":true,"valueName":"search_term_string"}}],"inLanguage":"de"},{"@type":"Organization","@id":"https:\/\/wsmmm-05-25-02.wifiblogs.at\/#organization","name":"Karoline Lepold - WSMMM","url":"https:\/\/wsmmm-05-25-02.wifiblogs.at\/","logo":{"@type":"ImageObject","inLanguage":"de","@id":"https:\/\/wsmmm-05-25-02.wifiblogs.at\/#\/schema\/logo\/image\/","url":"https:\/\/wsmmm-05-25-02.wifiblogs.at\/wp-content\/uploads\/2025\/11\/Logo-1.png","contentUrl":"https:\/\/wsmmm-05-25-02.wifiblogs.at\/wp-content\/uploads\/2025\/11\/Logo-1.png","width":339,"height":200,"caption":"Karoline Lepold - WSMMM"},"image":{"@id":"https:\/\/wsmmm-05-25-02.wifiblogs.at\/#\/schema\/logo\/image\/"}}]}},"_links":{"self":[{"href":"https:\/\/wsmmm-05-25-02.wifiblogs.at\/index.php?rest_route=\/wp\/v2\/pages\/26","targetHints":{"allow":["GET"]}}],"collection":[{"href":"https:\/\/wsmmm-05-25-02.wifiblogs.at\/index.php?rest_route=\/wp\/v2\/pages"}],"about":[{"href":"https:\/\/wsmmm-05-25-02.wifiblogs.at\/index.php?rest_route=\/wp\/v2\/types\/page"}],"author":[{"embeddable":true,"href":"https:\/\/wsmmm-05-25-02.wifiblogs.at\/index.php?rest_route=\/wp\/v2\/users\/1"}],"replies":[{"embeddable":true,"href":"https:\/\/wsmmm-05-25-02.wifiblogs.at\/index.php?rest_route=%2Fwp%2Fv2%2Fcomments&post=26"}],"version-history":[{"count":3,"href":"https:\/\/wsmmm-05-25-02.wifiblogs.at\/index.php?rest_route=\/wp\/v2\/pages\/26\/revisions"}],"predecessor-version":[{"id":78,"href":"https:\/\/wsmmm-05-25-02.wifiblogs.at\/index.php?rest_route=\/wp\/v2\/pages\/26\/revisions\/78"}],"wp:attachment":[{"href":"https:\/\/wsmmm-05-25-02.wifiblogs.at\/index.php?rest_route=%2Fwp%2Fv2%2Fmedia&parent=26"}],"curies":[{"name":"wp","href":"https:\/\/api.w.org\/{rel}","templated":true}]}}